{"id":3313,"date":"2016-10-01T08:44:06","date_gmt":"2016-10-01T14:44:06","guid":{"rendered":"http:\/\/diocesisdeyoro.com\/blog\/?page_id=3313"},"modified":"2017-03-02T11:57:48","modified_gmt":"2017-03-02T17:57:48","slug":"conoce-a-nuestro-obispo","status":"publish","type":"page","link":"https:\/\/diocesisdeyoro.com\/blog\/?page_id=3313","title":{"rendered":"Conoce a nuestro Obispo"},"content":{"rendered":"<h1><\/h1>\n<h1 class=\"alignleft\"><a href=\"https:\/\/diocesisdeyoro.com\/blog\/wp-content\/uploads\/2016\/10\/Mons-Hector-David-Garcia.jpg\"><img loading=\"lazy\" decoding=\"async\" class=\"alignleft wp-image-3315\" src=\"https:\/\/diocesisdeyoro.com\/blog\/wp-content\/uploads\/2016\/10\/Mons-Hector-David-Garcia.jpg\" alt=\"mons-hector-david-garcia\" width=\"190\" height=\"338\" srcset=\"https:\/\/diocesisdeyoro.com\/blog\/wp-content\/uploads\/2016\/10\/Mons-Hector-David-Garcia.jpg 720w, https:\/\/diocesisdeyoro.com\/blog\/wp-content\/uploads\/2016\/10\/Mons-Hector-David-Garcia-169x300.jpg 169w, https:\/\/diocesisdeyoro.com\/blog\/wp-content\/uploads\/2016\/10\/Mons-Hector-David-Garcia-576x1024.jpg 576w\" sizes=\"auto, (max-width: 190px) 100vw, 190px\" \/><\/a><\/h1>\n<h1><span style=\"color: #000000;\">Monse\u00f1or H\u00e9ctor David Garc\u00eda Osorio<\/span><\/h1>\n<ul>\n<li><span style=\"color: #000000;\">Naci\u00f3 en La Veta, Concepci\u00f3n de Mar\u00eda, Choluteca, el 23 de septiembre de 1966.<\/span><\/li>\n<li><span style=\"color: #000000;\">Hijo de: D. Visitaci\u00f3n M. Garc\u00eda y D\u00f1a. Mar\u00eda Maura Osorio<\/span><\/li>\n<li><span style=\"color: #000000;\">Bautizado: el 07 de enero de 1967, en Concepci\u00f3n de Mar\u00eda, Parroquia La Purificaci\u00f3n de El Corpus, por el P. Juan Mar\u00eda Lemyre, pme. Sus padrinos fueron: Eucebio Maradiaga y Aurora Osorio.<\/span><\/li>\n<li><span style=\"color: #000000;\">Sacramento de Confirmaci\u00f3n: En El Jicarito de Concepci\u00f3n de Mar\u00eda, Choluteca, en el a\u00f1o 1983. Padrino: Emiliano Vilchez.<\/span><\/li>\n<\/ul>\n<h2><span style=\"color: #000000;\">Estudios realizados:<\/span><\/h2>\n<p><span style=\"color: #000000;\">Primaria en la Escuela Lempira de la comunidad de la Veta de Concepci\u00f3n de Mar\u00eda finalizada en 1983.<\/span><\/p>\n<h3><span style=\"color: #000000;\">Secundaria<\/span><\/h3>\n<p><span style=\"color: #000000;\">1\u00b0 curso en el Instituto Rafael Heliodoro Valle de Concepci\u00f3n de Mar\u00eda en 1984.<\/span><\/p>\n<p><span style=\"color: #000000;\">2\u00b0 curso en el Instituto Santa Mar\u00eda Goretti (Nocturno) en 1986.<\/span><\/p>\n<p><span style=\"color: #000000;\">3\u00b0 curso en el Instituto Superaci\u00f3n (Nocturno) en 1987.<\/span><\/p>\n<h2><span style=\"color: #000000;\">Formaci\u00f3n para la vocaci\u00f3n religiosa<\/span><\/h2>\n<ul>\n<li><span style=\"color: #000000;\">Desde 1986 hasta 1989 realiz\u00f3 los estudios en el Seminario Menor Pablo VI.<\/span><\/li>\n<li><span style=\"color: #000000;\">Estudios en el Seminario Mayor Nuestra Se\u00f1ora de Suyapa, Tegucigalpa 1990 \u2013 1995:<\/span><\/li>\n<li><span style=\"color: #000000;\">1\u00b0 de filosof\u00eda a\u00f1o 1990<\/span><\/li>\n<li><span style=\"color: #000000;\">2\u00b0 de filosof\u00eda a\u00f1o 1991<\/span><\/li>\n<li><span style=\"color: #000000;\">1\u00b0 de teolog\u00eda a\u00f1o 1992<\/span><\/li>\n<li><span style=\"color: #000000;\">2\u00b0 de teolog\u00eda a\u00f1o 1993<\/span><\/li>\n<li><span style=\"color: #000000;\">3\u00b0 de teolog\u00eda a\u00f1o 1994<\/span><\/li>\n<li><span style=\"color: #000000;\">4\u00b0 de teolog\u00eda a\u00f1o 1995.<\/span><\/li>\n<li><span style=\"color: #000000;\">A\u00f1o de pastoral en la parroquia San Pablo, Choluteca, del 02 de febrero de 1996 al 20 de abril de 1997.<\/span><\/li>\n<\/ul>\n<h2><span style=\"color: #000000;\">T\u00edtulos acad\u00e9micos<\/span><\/h2>\n<ul>\n<li><span style=\"color: #000000;\"><strong>Bachiller<\/strong> <strong>en Ciencias y Letras<\/strong> en el Instituto Santa Mar\u00eda Goretti, Choluteca, a\u00f1o 1989<\/span><\/li>\n<li><span style=\"color: #000000;\"><strong>Diplomado<\/strong> <strong>en Ciencias Religiosas<\/strong>, con \u00e9nfasis en <strong>Filosof\u00eda<\/strong> otorgado por el Seminario Mayor Nuestra Se\u00f1ora de Suyapa, Tegucigalpa, a\u00f1o 1991.<\/span><\/li>\n<li><span style=\"color: #000000;\"><strong>Licenciado<\/strong> <strong>en Teolog\u00eda<\/strong> otorgado por el Seminario Mayor Nuestra Se\u00f1ora de Suyapa, Tegucigalpa, a\u00f1o 1995.<\/span><\/li>\n<li><span style=\"color: #000000;\"><strong>Licenciado<\/strong> <strong>en Teolog\u00eda Espiritual<\/strong> en la Pontificia Universidad Gregoriana de Roma, Italia, a\u00f1o 2011.<\/span><\/li>\n<\/ul>\n<h2><span style=\"color: #000000;\">Ministerios<\/span><\/h2>\n<ul>\n<li><span style=\"color: #000000;\"><strong>Candidato<\/strong>, en la Iglesia Catedral de Choluteca el 24 de enero de 1993.<\/span><\/li>\n<li><span style=\"color: #000000;\"><strong>Lectorado,<\/strong> en el Seminario Menor Pablo VI de Choluteca el 02 de enero de 1994.<\/span><\/li>\n<li><span style=\"color: #000000;\"><strong>Acolitado,<\/strong> en la Iglesia Catedral de Choluteca el 29 de enero de 1995.<\/span><\/li>\n<li><span style=\"color: #000000;\"><strong>Diaconado,<\/strong> en la Iglesia Catedral de Choluteca el 20 de abril de 1997.<\/span><\/li>\n<li><span style=\"color: #000000;\"><strong>Presbiterado,<\/strong> el 08 de noviembre de 1997 en el Gimnasio del Instituto Santa Mar\u00eda Goretti de Choluteca.<\/span><\/li>\n<li><span style=\"color: #000000;\"><strong>Episcopado, <\/strong>el 20 de septiembre de 2014 en el Instituto S. Jos\u00e9 de El Progreso, Yoro.<\/span><\/li>\n<\/ul>\n<h2 style=\"text-align: justify;\"><strong><span style=\"color: #000000;\">Obediencias realizadas<\/span><\/strong><\/h2>\n<ol>\n<li><span style=\"color: #000000;\">Vicario en la Parroquia San Pablo en Choluteca, el 23 de febrero de 1998<\/span><\/li>\n<li><span style=\"color: #000000;\">Coordinador de la Celebraci\u00f3n de la Palabra y Vicario de Pastoral de la di\u00f3cesis de Choluteca, con residencia en el obispado, el 17 de marzo de 1999.<\/span><\/li>\n<li><span style=\"color: #000000;\">Canciller de la Curia Diocesana de Choluteca el 22 de junio de 1999.<\/span><\/li>\n<li><span style=\"color: #000000;\">Miembro del Colegio de Consultores y del Consejo Presbiteral de la di\u00f3cesis de Choluteca de 1999 a 2002.<\/span><\/li>\n<li><span style=\"color: #000000;\">Vicario General de la di\u00f3cesis de Choluteca el 09 de enero de 2001.<\/span><\/li>\n<li><span style=\"color: #000000;\">Rector del Seminario Menor Pablo VI de Choluteca, el 30 de noviembre de 2002.<\/span><\/li>\n<li><span style=\"color: #000000;\">P\u00e1rroco de la parroquia San Jer\u00f3nimo de Goascor\u00e1n, Valle, del 28 de enero del 2005 hasta el 28 de diciembre de 2009.<\/span><\/li>\n<li><span style=\"color: #000000;\">Estudios en Roma, Italia, enero de 2010 hasta febrero de 2012.<\/span><\/li>\n<li><span style=\"color: #000000;\">Miembro del equipo de formadores del Seminario Mayor Nuestra Se\u00f1ora de Suyapa, Junio 2012.<\/span><\/li>\n<li><span style=\"color: #000000;\">Vice-rector del Seminario Mayor Nuestra Se\u00f1or de Suyapa, junio de 2013.<\/span><\/li>\n<li><span style=\"color: #000000;\">Secretario Adjunto de la Conferencia Episcopal de Honduras, 02 de agosto de 2013.<\/span><\/li>\n<li><span style=\"color: #000000;\">Elegido Obispo de la Di\u00f3cesis de Yoro por el Papa Francisco, Ciudad del Vaticano, Roma, Italia, 03 de julio de 2014.<\/span><\/li>\n<\/ol>\n<p style=\"text-align: right;\"><strong><span style=\"color: #000000;\">Actualizado a agosto de 2014<\/span><\/strong><\/p>\n","protected":false},"excerpt":{"rendered":"<p>Monse\u00f1or H\u00e9ctor David Garc\u00eda Osorio Naci\u00f3 en La Veta, Concepci\u00f3n de Mar\u00eda, Choluteca, el 23 de septiembre de 1966. Hijo de: D. Visitaci\u00f3n M. Garc\u00eda y D\u00f1a. Mar\u00eda Maura Osorio &hellip; <a class=\"readmore\" href=\"https:\/\/diocesisdeyoro.com\/blog\/?page_id=3313\">Seguir leyendo &rarr;<\/a><\/p>\n","protected":false},"author":1,"featured_media":0,"parent":0,"menu_order":2,"comment_status":"closed","ping_status":"closed","template":"page-template-full.php","meta":{"_themeisle_gutenberg_block_has_review":false,"footnotes":""},"class_list":["post-3313","page","type-page","status-publish","hentry"],"_links":{"self":[{"href":"https:\/\/diocesisdeyoro.com\/blog\/index.php?rest_route=\/wp\/v2\/pages\/3313","targetHints":{"allow":["GET"]}}],"collection":[{"href":"https:\/\/diocesisdeyoro.com\/blog\/index.php?rest_route=\/wp\/v2\/pages"}],"about":[{"href":"https:\/\/diocesisdeyoro.com\/blog\/index.php?rest_route=\/wp\/v2\/types\/page"}],"author":[{"embeddable":true,"href":"https:\/\/diocesisdeyoro.com\/blog\/index.php?rest_route=\/wp\/v2\/users\/1"}],"replies":[{"embeddable":true,"href":"https:\/\/diocesisdeyoro.com\/blog\/index.php?rest_route=%2Fwp%2Fv2%2Fcomments&post=3313"}],"version-history":[{"count":7,"href":"https:\/\/diocesisdeyoro.com\/blog\/index.php?rest_route=\/wp\/v2\/pages\/3313\/revisions"}],"predecessor-version":[{"id":3735,"href":"https:\/\/diocesisdeyoro.com\/blog\/index.php?rest_route=\/wp\/v2\/pages\/3313\/revisions\/3735"}],"wp:attachment":[{"href":"https:\/\/diocesisdeyoro.com\/blog\/index.php?rest_route=%2Fwp%2Fv2%2Fmedia&parent=3313"}],"curies":[{"name":"wp","href":"https:\/\/api.w.org\/{rel}","templated":true}]}}